{"id":208,"date":"2023-08-05T19:12:48","date_gmt":"2023-08-05T17:12:48","guid":{"rendered":"https:\/\/runinclaye.fr\/?page_id=208"},"modified":"2024-09-16T20:04:34","modified_gmt":"2024-09-16T18:04:34","slug":"lanimation-enfants","status":"publish","type":"page","link":"https:\/\/runinclaye.fr\/index.php\/lanimation-enfants\/","title":{"rendered":"L\u2019animation enfants"},"content":{"rendered":"\t\t<div data-elementor-type=\"wp-page\" data-elementor-id=\"208\" class=\"elementor elementor-208\">\n\t\t\t\t\t\t\t\t\t<section class=\"elementor-section elementor-top-section elementor-element elementor-element-aa1dbe3 elementor-section-boxed elementor-section-height-default elementor-section-height-default\" data-id=\"aa1dbe3\" data-element_type=\"section\">\n\t\t\t\t\t\t<div class=\"elementor-container elementor-column-gap-default\">\n\t\t\t\t\t<div class=\"elementor-column elementor-col-100 elementor-top-column elementor-element elementor-element-6b57603\" data-id=\"6b57603\" data-element_type=\"column\">\n\t\t\t<div class=\"elementor-widget-wrap elementor-element-populated\">\n\t\t\t\t\t\t\t\t<section class=\"elementor-section elementor-inner-section elementor-element elementor-element-a44bae4 elementor-section-boxed elementor-section-height-default elementor-section-height-default\" data-id=\"a44bae4\" data-element_type=\"section\">\n\t\t\t\t\t\t<div class=\"elementor-container elementor-column-gap-default\">\n\t\t\t\t\t<div class=\"elementor-column elementor-col-50 elementor-inner-column elementor-element elementor-element-f1eb2a4\" data-id=\"f1eb2a4\" data-element_type=\"column\">\n\t\t\t<div class=\"elementor-widget-wrap elementor-element-populated\">\n\t\t\t\t\t\t\t\t<div class=\"elementor-element elementor-element-f707feb elementor-widget elementor-widget-heading\" data-id=\"f707feb\" data-element_type=\"widget\" data-widget_type=\"heading.default\">\n\t\t\t\t<div class=\"elementor-widget-container\">\n\t\t\t<style>\/*! elementor - v3.12.2 - 23-04-2023 *\/\n.elementor-heading-title{padding:0;margin:0;line-height:1}.elementor-widget-heading .elementor-heading-title[class*=elementor-size-]>a{color:inherit;font-size:inherit;line-height:inherit}.elementor-widget-heading .elementor-heading-title.elementor-size-small{font-size:15px}.elementor-widget-heading .elementor-heading-title.elementor-size-medium{font-size:19px}.elementor-widget-heading .elementor-heading-title.elementor-size-large{font-size:29px}.elementor-widget-heading .elementor-heading-title.elementor-size-xl{font-size:39px}.elementor-widget-heading .elementor-heading-title.elementor-size-xxl{font-size:59px}<\/style><h2 class=\"elementor-heading-title elementor-size-default\">A quelle heure d\u00e9marre l\u2019animation enfants ? <\/h2>\t\t<\/div>\n\t\t\t\t<\/div>\n\t\t\t\t<div class=\"elementor-element elementor-element-a37091a elementor-widget elementor-widget-text-editor\" data-id=\"a37091a\" data-element_type=\"widget\" data-widget_type=\"text-editor.default\">\n\t\t\t\t<div class=\"elementor-widget-container\">\n\t\t\t<style>\/*! elementor - v3.12.2 - 23-04-2023 *\/\n.elementor-widget-text-editor.elementor-drop-cap-view-stacked .elementor-drop-cap{background-color:#69727d;color:#fff}.elementor-widget-text-editor.elementor-drop-cap-view-framed .elementor-drop-cap{color:#69727d;border:3px solid;background-color:transparent}.elementor-widget-text-editor:not(.elementor-drop-cap-view-default) .elementor-drop-cap{margin-top:8px}.elementor-widget-text-editor:not(.elementor-drop-cap-view-default) .elementor-drop-cap-letter{width:1em;height:1em}.elementor-widget-text-editor .elementor-drop-cap{float:left;text-align:center;line-height:1;font-size:50px}.elementor-widget-text-editor .elementor-drop-cap-letter{display:inline-block}<\/style>\t\t\t\t<p class=\"MsoNormal\"><span style=\"font-family: Roboto; background-image: initial; background-position: initial; background-size: initial; background-repeat: initial; background-attachment: initial; background-origin: initial; background-clip: initial;\">Le coup d\u2019envoi est \u00e0 10h15<\/span><\/p>\t\t\t\t\t\t<\/div>\n\t\t\t\t<\/div>\n\t\t\t\t\t<\/div>\n\t\t<\/div>\n\t\t\t\t<div class=\"elementor-column elementor-col-50 elementor-inner-column elementor-element elementor-element-2af5748\" data-id=\"2af5748\" data-element_type=\"column\">\n\t\t\t<div class=\"elementor-widget-wrap elementor-element-populated\">\n\t\t\t\t\t\t\t\t<div class=\"elementor-element elementor-element-4953e45 elementor-widget elementor-widget-heading\" data-id=\"4953e45\" data-element_type=\"widget\" data-widget_type=\"heading.default\">\n\t\t\t\t<div class=\"elementor-widget-container\">\n\t\t\t<h2 class=\"elementor-heading-title elementor-size-default\">L\u2019animation enfants concernent les enfants de quel \u00e2ge ?<\/h2>\t\t<\/div>\n\t\t\t\t<\/div>\n\t\t\t\t<div class=\"elementor-element elementor-element-31bd4f5 elementor-widget elementor-widget-text-editor\" data-id=\"31bd4f5\" data-element_type=\"widget\" data-widget_type=\"text-editor.default\">\n\t\t\t\t<div class=\"elementor-widget-container\">\n\t\t\t\t\t\t\t<p><span style=\"font-size: 11pt; line-height: 107%; font-family: Roboto; background-image: initial; background-position: initial; background-size: initial; background-repeat: initial; background-attachment: initial; background-origin: initial; background-clip: initial;\">L\u2019animation enfants est ouverte aux enfants n\u00e9s en 2015 et 2016<\/span><\/p>\t\t\t\t\t\t<\/div>\n\t\t\t\t<\/div>\n\t\t\t\t\t<\/div>\n\t\t<\/div>\n\t\t\t\t\t\t\t<\/div>\n\t\t<\/section>\n\t\t\t\t\t<\/div>\n\t\t<\/div>\n\t\t\t\t\t\t\t<\/div>\n\t\t<\/section>\n\t\t\t\t<section class=\"elementor-section elementor-top-section elementor-element elementor-element-6f11b15 elementor-section-boxed elementor-section-height-default elementor-section-height-default\" data-id=\"6f11b15\" data-element_type=\"section\">\n\t\t\t\t\t\t<div class=\"elementor-container elementor-column-gap-default\">\n\t\t\t\t\t<div class=\"elementor-column elementor-col-100 elementor-top-column elementor-element elementor-element-70e0f4a\" data-id=\"70e0f4a\" data-element_type=\"column\">\n\t\t\t<div class=\"elementor-widget-wrap elementor-element-populated\">\n\t\t\t\t\t\t\t\t<section class=\"elementor-section elementor-inner-section elementor-element elementor-element-c9240d7 elementor-section-boxed elementor-section-height-default elementor-section-height-default\" data-id=\"c9240d7\" data-element_type=\"section\">\n\t\t\t\t\t\t<div class=\"elementor-container elementor-column-gap-default\">\n\t\t\t\t\t<div class=\"elementor-column elementor-col-50 elementor-inner-column elementor-element elementor-element-64db1f5\" data-id=\"64db1f5\" data-element_type=\"column\">\n\t\t\t<div class=\"elementor-widget-wrap elementor-element-populated\">\n\t\t\t\t\t\t\t\t<div class=\"elementor-element elementor-element-aa9b513 elementor-widget elementor-widget-heading\" data-id=\"aa9b513\" data-element_type=\"widget\" data-widget_type=\"heading.default\">\n\t\t\t\t<div class=\"elementor-widget-container\">\n\t\t\t<h2 class=\"elementor-heading-title elementor-size-default\">Quelle est la distance du parcours enfants ? <\/h2>\t\t<\/div>\n\t\t\t\t<\/div>\n\t\t\t\t<div class=\"elementor-element elementor-element-71eac12 elementor-widget elementor-widget-text-editor\" data-id=\"71eac12\" data-element_type=\"widget\" data-widget_type=\"text-editor.default\">\n\t\t\t\t<div class=\"elementor-widget-container\">\n\t\t\t\t\t\t\t<p class=\"MsoNormal\"><span style=\"font-family: Roboto; background-image: initial; background-position: initial; background-size: initial; background-repeat: initial; background-attachment: initial; background-origin: initial; background-clip: initial;\">Le parcours pour les enfants est une boucle d\u2019environ 1 kilom\u00e8tre, et passant le long du canal de l\u2019Ourcq.<\/span><\/p>\t\t\t\t\t\t<\/div>\n\t\t\t\t<\/div>\n\t\t\t\t<div class=\"elementor-element elementor-element-b91db94 elementor-widget elementor-widget-text-editor\" data-id=\"b91db94\" data-element_type=\"widget\" data-widget_type=\"text-editor.default\">\n\t\t\t\t<div class=\"elementor-widget-container\">\n\t\t\t\t\t\t\t<p><span style=\"font-family: Roboto; font-size: 14px; font-style: normal; font-variant-ligatures: normal; font-variant-caps: normal; font-weight: 400;\">Les enfants sont visibles tout le long du parcours.\u00a0<\/span><\/p>\t\t\t\t\t\t<\/div>\n\t\t\t\t<\/div>\n\t\t\t\t\t<\/div>\n\t\t<\/div>\n\t\t\t\t<div class=\"elementor-column elementor-col-50 elementor-inner-column elementor-element elementor-element-429904a\" data-id=\"429904a\" data-element_type=\"column\">\n\t\t\t<div class=\"elementor-widget-wrap elementor-element-populated\">\n\t\t\t\t\t\t\t\t<div class=\"elementor-element elementor-element-7ecc19a elementor-widget elementor-widget-heading\" data-id=\"7ecc19a\" data-element_type=\"widget\" data-widget_type=\"heading.default\">\n\t\t\t\t<div class=\"elementor-widget-container\">\n\t\t\t<h2 class=\"elementor-heading-title elementor-size-default\">Comment inscrire mon\/mes enfant(s) ? <\/h2>\t\t<\/div>\n\t\t\t\t<\/div>\n\t\t\t\t<div class=\"elementor-element elementor-element-e22f1ff elementor-widget elementor-widget-text-editor\" data-id=\"e22f1ff\" data-element_type=\"widget\" data-widget_type=\"text-editor.default\">\n\t\t\t\t<div class=\"elementor-widget-container\">\n\t\t\t\t\t\t\t<p><span style=\"font-family: Roboto; background-image: initial; background-position: initial; background-size: initial; background-repeat: initial; background-attachment: initial; background-origin: initial; background-clip: initial;\">Les inscriptions se font en ligne sur le-sportif.com<\/span><\/p><p><span style=\"font-family: Roboto; font-size: 14px; color: var( --e-global-color-text );\">Une autorisation parentale est \u00e0 remplir lors de l\u2019inscription en ligne.<\/span><\/p><p><span style=\"font-family: Roboto; background-image: initial; background-position: initial; background-size: initial; background-repeat: initial; background-attachment: initial; background-origin: initial; background-clip: initial;\">Les inscriptions sont ouvertes jusqu\u2019au 5 octobre 23h59 sur le site internet Le-sportif.com<\/span><\/p>\t\t\t\t\t\t<\/div>\n\t\t\t\t<\/div>\n\t\t\t\t<div class=\"elementor-element elementor-element-4510e8b elementor-widget elementor-widget-text-editor\" data-id=\"4510e8b\" data-element_type=\"widget\" data-widget_type=\"text-editor.default\">\n\t\t\t\t<div class=\"elementor-widget-container\">\n\t\t\t\t\t\t\t<p><span style=\"font-family: Roboto; font-size: 14px; font-style: normal; font-variant-ligatures: normal; font-variant-caps: normal; font-weight: 400;\">Aucune inscription n\u2019est possible sur place.\u00a0<\/span><\/p>\t\t\t\t\t\t<\/div>\n\t\t\t\t<\/div>\n\t\t\t\t\t<\/div>\n\t\t<\/div>\n\t\t\t\t\t\t\t<\/div>\n\t\t<\/section>\n\t\t\t\t\t<\/div>\n\t\t<\/div>\n\t\t\t\t\t\t\t<\/div>\n\t\t<\/section>\n\t\t\t\t<section class=\"elementor-section elementor-top-section elementor-element elementor-element-2304968 elementor-section-boxed elementor-section-height-default elementor-section-height-default\" data-id=\"2304968\" data-element_type=\"section\">\n\t\t\t\t\t\t<div class=\"elementor-container elementor-column-gap-default\">\n\t\t\t\t\t<div class=\"elementor-column elementor-col-100 elementor-top-column elementor-element elementor-element-713f909\" data-id=\"713f909\" data-element_type=\"column\">\n\t\t\t<div class=\"elementor-widget-wrap elementor-element-populated\">\n\t\t\t\t\t\t\t\t<section class=\"elementor-section elementor-inner-section elementor-element elementor-element-2c536be elementor-section-boxed elementor-section-height-default elementor-section-height-default\" data-id=\"2c536be\" data-element_type=\"section\">\n\t\t\t\t\t\t<div class=\"elementor-container elementor-column-gap-default\">\n\t\t\t\t\t<div class=\"elementor-column elementor-col-50 elementor-inner-column elementor-element elementor-element-8e0fe81\" data-id=\"8e0fe81\" data-element_type=\"column\">\n\t\t\t<div class=\"elementor-widget-wrap elementor-element-populated\">\n\t\t\t\t\t\t\t\t<div class=\"elementor-element elementor-element-36b8f27 elementor-widget elementor-widget-heading\" data-id=\"36b8f27\" data-element_type=\"widget\" data-widget_type=\"heading.default\">\n\t\t\t\t<div class=\"elementor-widget-container\">\n\t\t\t<h2 class=\"elementor-heading-title elementor-size-default\">O\u00f9 et Quand r\u00e9cup\u00e9rer le dossard de mon\/mes enfant(s) ? <br><\/h2>\t\t<\/div>\n\t\t\t\t<\/div>\n\t\t\t\t<div class=\"elementor-element elementor-element-0784245 elementor-widget elementor-widget-text-editor\" data-id=\"0784245\" data-element_type=\"widget\" data-widget_type=\"text-editor.default\">\n\t\t\t\t<div class=\"elementor-widget-container\">\n\t\t\t\t\t\t\t<ul><li><span style=\"font-family: Roboto; background-image: initial; background-position: initial; background-size: initial; background-repeat: initial; background-attachment: initial; background-origin: initial; background-clip: initial;\">Le samedi 05 octobre de 9h00 \u00e0 12h00 au march\u00e9 de Claye-Souilly, place Charles De Gaulle<\/span><\/li><li class=\"MsoNormal\"><span style=\"font-family: Roboto; background-image: initial; background-position: initial; background-size: initial; background-repeat: initial; background-attachment: initial; background-origin: initial; background-clip: initial;\">Le dimanche 06 octobre \u00e0 partir de 7h00\u00a0 au Gymnase des Tourelles \u00e0 Claye-Souilly\u00a0<\/span><\/li><\/ul>\t\t\t\t\t\t<\/div>\n\t\t\t\t<\/div>\n\t\t\t\t\t<\/div>\n\t\t<\/div>\n\t\t\t\t<div class=\"elementor-column elementor-col-50 elementor-inner-column elementor-element elementor-element-d90afae\" data-id=\"d90afae\" data-element_type=\"column\">\n\t\t\t<div class=\"elementor-widget-wrap elementor-element-populated\">\n\t\t\t\t\t\t\t\t<div class=\"elementor-element elementor-element-97fc1e8 elementor-widget elementor-widget-heading\" data-id=\"97fc1e8\" data-element_type=\"widget\" data-widget_type=\"heading.default\">\n\t\t\t\t<div class=\"elementor-widget-container\">\n\t\t\t<h2 class=\"elementor-heading-title elementor-size-default\">R\u00e9compenses<\/h2>\t\t<\/div>\n\t\t\t\t<\/div>\n\t\t\t\t<div class=\"elementor-element elementor-element-8711618 elementor-widget elementor-widget-text-editor\" data-id=\"8711618\" data-element_type=\"widget\" data-widget_type=\"text-editor.default\">\n\t\t\t\t<div class=\"elementor-widget-container\">\n\t\t\t\t\t\t\t<p class=\"MsoNormal\"><span style=\"font-family: Roboto; background-image: initial; background-position: initial; background-size: initial; background-repeat: initial; background-attachment: initial; background-origin: initial; background-clip: initial;\">Chaque enfant re\u00e7oit une m\u00e9daille.\u00a0<b><\/b><\/span><\/p>\t\t\t\t\t\t<\/div>\n\t\t\t\t<\/div>\n\t\t\t\t\t<\/div>\n\t\t<\/div>\n\t\t\t\t\t\t\t<\/div>\n\t\t<\/section>\n\t\t\t\t\t<\/div>\n\t\t<\/div>\n\t\t\t\t\t\t\t<\/div>\n\t\t<\/section>\n\t\t\t\t\t\t\t<\/div>\n\t\t","protected":false},"excerpt":{"rendered":"<p>A quelle heure d\u00e9marre l\u2019animation enfants ? Le coup d\u2019envoi est \u00e0 10h15 L\u2019animation enfants concernent les enfants de quel \u00e2ge ? L\u2019animation enfants est ouverte aux enfants n\u00e9s en 2015 et 2016 Quelle est la distance du parcours enfants ? Le parcours pour les enfants est une boucle d\u2019environ 1 kilom\u00e8tre, et passant le [&hellip;]<\/p>\n","protected":false},"author":1,"featured_media":0,"parent":0,"menu_order":0,"comment_status":"closed","ping_status":"closed","template":"","meta":{"footnotes":""},"class_list":["post-208","page","type-page","status-publish","hentry","entry"],"yoast_head":"<!-- This site is optimized with the Yoast SEO plugin v20.7 - https:\/\/yoast.com\/wordpress\/plugins\/seo\/ -->\n<title>L\u2019animation enfants - Run in Claye<\/title>\n<meta name=\"robots\" content=\"index, follow, max-snippet:-1, max-image-preview:large, max-video-preview:-1\" \/>\n<link rel=\"canonical\" href=\"http:\/\/runinclaye.fr\/index.php\/lanimation-enfants\/\" \/>\n<meta property=\"og:locale\" content=\"en_US\" \/>\n<meta property=\"og:type\" content=\"article\" \/>\n<meta property=\"og:title\" content=\"L\u2019animation enfants - Run in Claye\" \/>\n<meta property=\"og:description\" content=\"A quelle heure d\u00e9marre l\u2019animation enfants ? Le coup d\u2019envoi est \u00e0 10h15 L\u2019animation enfants concernent les enfants de quel \u00e2ge ? L\u2019animation enfants est ouverte aux enfants n\u00e9s en 2015 et 2016 Quelle est la distance du parcours enfants ? Le parcours pour les enfants est une boucle d\u2019environ 1 kilom\u00e8tre, et passant le [&hellip;]\" \/>\n<meta property=\"og:url\" content=\"http:\/\/runinclaye.fr\/index.php\/lanimation-enfants\/\" \/>\n<meta property=\"og:site_name\" content=\"Run in Claye\" \/>\n<meta property=\"article:modified_time\" content=\"2024-09-16T18:04:34+00:00\" \/>\n<meta name=\"twitter:card\" content=\"summary_large_image\" \/>\n<meta name=\"twitter:label1\" content=\"Est. reading time\" \/>\n\t<meta name=\"twitter:data1\" content=\"1 minute\" \/>\n<script type=\"application\/ld+json\" class=\"yoast-schema-graph\">{\"@context\":\"https:\/\/schema.org\",\"@graph\":[{\"@type\":\"WebPage\",\"@id\":\"http:\/\/runinclaye.fr\/index.php\/lanimation-enfants\/\",\"url\":\"http:\/\/runinclaye.fr\/index.php\/lanimation-enfants\/\",\"name\":\"L\u2019animation enfants - Run in Claye\",\"isPartOf\":{\"@id\":\"http:\/\/runinclaye.fr\/#website\"},\"datePublished\":\"2023-08-05T17:12:48+00:00\",\"dateModified\":\"2024-09-16T18:04:34+00:00\",\"breadcrumb\":{\"@id\":\"http:\/\/runinclaye.fr\/index.php\/lanimation-enfants\/#breadcrumb\"},\"inLanguage\":\"en-US\",\"potentialAction\":[{\"@type\":\"ReadAction\",\"target\":[\"http:\/\/runinclaye.fr\/index.php\/lanimation-enfants\/\"]}]},{\"@type\":\"BreadcrumbList\",\"@id\":\"http:\/\/runinclaye.fr\/index.php\/lanimation-enfants\/#breadcrumb\",\"itemListElement\":[{\"@type\":\"ListItem\",\"position\":1,\"name\":\"Accueil\",\"item\":\"http:\/\/runinclaye.fr\/\"},{\"@type\":\"ListItem\",\"position\":2,\"name\":\"L\u2019animation enfants\"}]},{\"@type\":\"WebSite\",\"@id\":\"http:\/\/runinclaye.fr\/#website\",\"url\":\"http:\/\/runinclaye.fr\/\",\"name\":\"Run in Claye\",\"description\":\"\",\"publisher\":{\"@id\":\"http:\/\/runinclaye.fr\/#organization\"},\"potentialAction\":[{\"@type\":\"SearchAction\",\"target\":{\"@type\":\"EntryPoint\",\"urlTemplate\":\"http:\/\/runinclaye.fr\/?s={search_term_string}\"},\"query-input\":\"required name=search_term_string\"}],\"inLanguage\":\"en-US\"},{\"@type\":\"Organization\",\"@id\":\"http:\/\/runinclaye.fr\/#organization\",\"name\":\"Run in Claye\",\"url\":\"http:\/\/runinclaye.fr\/\",\"logo\":{\"@type\":\"ImageObject\",\"inLanguage\":\"en-US\",\"@id\":\"http:\/\/runinclaye.fr\/#\/schema\/logo\/image\/\",\"url\":\"https:\/\/runinclaye.fr\/wp-content\/uploads\/2023\/05\/IMG_1777.png\",\"contentUrl\":\"https:\/\/runinclaye.fr\/wp-content\/uploads\/2023\/05\/IMG_1777.png\",\"width\":464,\"height\":290,\"caption\":\"Run in Claye\"},\"image\":{\"@id\":\"http:\/\/runinclaye.fr\/#\/schema\/logo\/image\/\"}}]}<\/script>\n<!-- \/ Yoast SEO plugin. -->","yoast_head_json":{"title":"L\u2019animation enfants - Run in Claye","robots":{"index":"index","follow":"follow","max-snippet":"max-snippet:-1","max-image-preview":"max-image-preview:large","max-video-preview":"max-video-preview:-1"},"canonical":"http:\/\/runinclaye.fr\/index.php\/lanimation-enfants\/","og_locale":"en_US","og_type":"article","og_title":"L\u2019animation enfants - Run in Claye","og_description":"A quelle heure d\u00e9marre l\u2019animation enfants ? Le coup d\u2019envoi est \u00e0 10h15 L\u2019animation enfants concernent les enfants de quel \u00e2ge ? L\u2019animation enfants est ouverte aux enfants n\u00e9s en 2015 et 2016 Quelle est la distance du parcours enfants ? Le parcours pour les enfants est une boucle d\u2019environ 1 kilom\u00e8tre, et passant le [&hellip;]","og_url":"http:\/\/runinclaye.fr\/index.php\/lanimation-enfants\/","og_site_name":"Run in Claye","article_modified_time":"2024-09-16T18:04:34+00:00","twitter_card":"summary_large_image","twitter_misc":{"Est. reading time":"1 minute"},"schema":{"@context":"https:\/\/schema.org","@graph":[{"@type":"WebPage","@id":"http:\/\/runinclaye.fr\/index.php\/lanimation-enfants\/","url":"http:\/\/runinclaye.fr\/index.php\/lanimation-enfants\/","name":"L\u2019animation enfants - Run in Claye","isPartOf":{"@id":"http:\/\/runinclaye.fr\/#website"},"datePublished":"2023-08-05T17:12:48+00:00","dateModified":"2024-09-16T18:04:34+00:00","breadcrumb":{"@id":"http:\/\/runinclaye.fr\/index.php\/lanimation-enfants\/#breadcrumb"},"inLanguage":"en-US","potentialAction":[{"@type":"ReadAction","target":["http:\/\/runinclaye.fr\/index.php\/lanimation-enfants\/"]}]},{"@type":"BreadcrumbList","@id":"http:\/\/runinclaye.fr\/index.php\/lanimation-enfants\/#breadcrumb","itemListElement":[{"@type":"ListItem","position":1,"name":"Accueil","item":"http:\/\/runinclaye.fr\/"},{"@type":"ListItem","position":2,"name":"L\u2019animation enfants"}]},{"@type":"WebSite","@id":"http:\/\/runinclaye.fr\/#website","url":"http:\/\/runinclaye.fr\/","name":"Run in Claye","description":"","publisher":{"@id":"http:\/\/runinclaye.fr\/#organization"},"potentialAction":[{"@type":"SearchAction","target":{"@type":"EntryPoint","urlTemplate":"http:\/\/runinclaye.fr\/?s={search_term_string}"},"query-input":"required name=search_term_string"}],"inLanguage":"en-US"},{"@type":"Organization","@id":"http:\/\/runinclaye.fr\/#organization","name":"Run in Claye","url":"http:\/\/runinclaye.fr\/","logo":{"@type":"ImageObject","inLanguage":"en-US","@id":"http:\/\/runinclaye.fr\/#\/schema\/logo\/image\/","url":"https:\/\/runinclaye.fr\/wp-content\/uploads\/2023\/05\/IMG_1777.png","contentUrl":"https:\/\/runinclaye.fr\/wp-content\/uploads\/2023\/05\/IMG_1777.png","width":464,"height":290,"caption":"Run in Claye"},"image":{"@id":"http:\/\/runinclaye.fr\/#\/schema\/logo\/image\/"}}]}},"_links":{"self":[{"href":"https:\/\/runinclaye.fr\/index.php\/wp-json\/wp\/v2\/pages\/208","targetHints":{"allow":["GET"]}}],"collection":[{"href":"https:\/\/runinclaye.fr\/index.php\/wp-json\/wp\/v2\/pages"}],"about":[{"href":"https:\/\/runinclaye.fr\/index.php\/wp-json\/wp\/v2\/types\/page"}],"author":[{"embeddable":true,"href":"https:\/\/runinclaye.fr\/index.php\/wp-json\/wp\/v2\/users\/1"}],"replies":[{"embeddable":true,"href":"https:\/\/runinclaye.fr\/index.php\/wp-json\/wp\/v2\/comments?post=208"}],"version-history":[{"count":21,"href":"https:\/\/runinclaye.fr\/index.php\/wp-json\/wp\/v2\/pages\/208\/revisions"}],"predecessor-version":[{"id":328,"href":"https:\/\/runinclaye.fr\/index.php\/wp-json\/wp\/v2\/pages\/208\/revisions\/328"}],"wp:attachment":[{"href":"https:\/\/runinclaye.fr\/index.php\/wp-json\/wp\/v2\/media?parent=208"}],"curies":[{"name":"wp","href":"https:\/\/api.w.org\/{rel}","templated":true}]}}