{"id":202,"date":"2023-08-05T19:08:54","date_gmt":"2023-08-05T17:08:54","guid":{"rendered":"https:\/\/runinclaye.fr\/?page_id=202"},"modified":"2025-06-11T18:41:29","modified_gmt":"2025-06-11T16:41:29","slug":"infos-pratiques","status":"publish","type":"page","link":"http:\/\/runinclaye.fr\/index.php\/infos-pratiques\/","title":{"rendered":"Infos pratiques"},"content":{"rendered":"\t\t<div data-elementor-type=\"wp-page\" data-elementor-id=\"202\" class=\"elementor elementor-202\">\n\t\t\t\t\t\t\t\t\t<section class=\"elementor-section elementor-top-section elementor-element elementor-element-91469af elementor-section-boxed elementor-section-height-default elementor-section-height-default\" data-id=\"91469af\" data-element_type=\"section\">\n\t\t\t\t\t\t<div class=\"elementor-container elementor-column-gap-default\">\n\t\t\t\t\t<div class=\"elementor-column elementor-col-100 elementor-top-column elementor-element elementor-element-3a6967f\" data-id=\"3a6967f\" data-element_type=\"column\">\n\t\t\t<div class=\"elementor-widget-wrap elementor-element-populated\">\n\t\t\t\t\t\t\t\t<section class=\"elementor-section elementor-inner-section elementor-element elementor-element-a73edfa elementor-section-boxed elementor-section-height-default elementor-section-height-default\" data-id=\"a73edfa\" data-element_type=\"section\">\n\t\t\t\t\t\t<div class=\"elementor-container elementor-column-gap-default\">\n\t\t\t\t\t<div class=\"elementor-column elementor-col-50 elementor-inner-column elementor-element elementor-element-2a0e958\" data-id=\"2a0e958\" data-element_type=\"column\">\n\t\t\t<div class=\"elementor-widget-wrap elementor-element-populated\">\n\t\t\t\t\t\t\t\t<div class=\"elementor-element elementor-element-65a8a7d elementor-widget elementor-widget-heading\" data-id=\"65a8a7d\" data-element_type=\"widget\" data-widget_type=\"heading.default\">\n\t\t\t\t<div class=\"elementor-widget-container\">\n\t\t\t<style>\/*! elementor - v3.12.2 - 23-04-2023 *\/\n.elementor-heading-title{padding:0;margin:0;line-height:1}.elementor-widget-heading .elementor-heading-title[class*=elementor-size-]>a{color:inherit;font-size:inherit;line-height:inherit}.elementor-widget-heading .elementor-heading-title.elementor-size-small{font-size:15px}.elementor-widget-heading .elementor-heading-title.elementor-size-medium{font-size:19px}.elementor-widget-heading .elementor-heading-title.elementor-size-large{font-size:29px}.elementor-widget-heading .elementor-heading-title.elementor-size-xl{font-size:39px}.elementor-widget-heading .elementor-heading-title.elementor-size-xxl{font-size:59px}<\/style><h2 class=\"elementor-heading-title elementor-size-default\">O\u00f9 s\u2019inscrire ? <\/h2>\t\t<\/div>\n\t\t\t\t<\/div>\n\t\t\t\t<div class=\"elementor-element elementor-element-2deff5c elementor-widget elementor-widget-text-editor\" data-id=\"2deff5c\" data-element_type=\"widget\" data-widget_type=\"text-editor.default\">\n\t\t\t\t<div class=\"elementor-widget-container\">\n\t\t\t<style>\/*! elementor - v3.12.2 - 23-04-2023 *\/\n.elementor-widget-text-editor.elementor-drop-cap-view-stacked .elementor-drop-cap{background-color:#69727d;color:#fff}.elementor-widget-text-editor.elementor-drop-cap-view-framed .elementor-drop-cap{color:#69727d;border:3px solid;background-color:transparent}.elementor-widget-text-editor:not(.elementor-drop-cap-view-default) .elementor-drop-cap{margin-top:8px}.elementor-widget-text-editor:not(.elementor-drop-cap-view-default) .elementor-drop-cap-letter{width:1em;height:1em}.elementor-widget-text-editor .elementor-drop-cap{float:left;text-align:center;line-height:1;font-size:50px}.elementor-widget-text-editor .elementor-drop-cap-letter{display:inline-block}<\/style>\t\t\t\t<p><span style=\"font-family: Roboto; background-image: initial; background-position: initial; background-size: initial; background-repeat: initial; background-attachment: initial; background-origin: initial; background-clip: initial;\">L\u2019inscription se fait en ligne sur le site&nbsp;<\/span><a style=\"font-size: 14px; background-color: #ffffff;\" href=\"https:\/\/forms.registration4all.com\/EventRegistration\/Register_Sport_Event_AddParticipant.aspx?EventID=196409&amp;ActivityID=44795\" target=\"_blank\" rel=\"noopener\">le-sportif.com<\/a><\/p>\t\t\t\t\t\t<\/div>\n\t\t\t\t<\/div>\n\t\t\t\t<div class=\"elementor-element elementor-element-8a7fb55 elementor-widget elementor-widget-image\" data-id=\"8a7fb55\" data-element_type=\"widget\" data-widget_type=\"image.default\">\n\t\t\t\t<div class=\"elementor-widget-container\">\n\t\t\t<style>\/*! elementor - v3.12.2 - 23-04-2023 *\/\n.elementor-widget-image{text-align:center}.elementor-widget-image a{display:inline-block}.elementor-widget-image a img[src$=\".svg\"]{width:48px}.elementor-widget-image img{vertical-align:middle;display:inline-block}<\/style>\t\t\t\t\t\t\t\t\t\t\t\t\t<a href=\"https:\/\/forms.registration4all.com\/EventRegistration\/Register_Sport_Event.aspx?EventID=219311&#038;RORG=LSCAL\">\n\t\t\t\t\t\t\t<img loading=\"lazy\" decoding=\"async\" width=\"208\" height=\"130\" src=\"http:\/\/runinclaye.fr\/wp-content\/uploads\/2023\/08\/images.png\" class=\"attachment-large size-large wp-image-224\" alt=\"\" \/>\t\t\t\t\t\t\t\t<\/a>\n\t\t\t\t\t\t\t\t\t\t\t\t\t\t\t<\/div>\n\t\t\t\t<\/div>\n\t\t\t\t<div class=\"elementor-element elementor-element-305291a elementor-widget elementor-widget-text-editor\" data-id=\"305291a\" data-element_type=\"widget\" data-widget_type=\"text-editor.default\">\n\t\t\t\t<div class=\"elementor-widget-container\">\n\t\t\t\t\t\t\t<p class=\"MsoNormal\"><span style=\"font-family: Roboto; background-image: initial; background-position: initial; background-size: initial; background-repeat: initial; background-attachment: initial; background-origin: initial; background-clip: initial;\">Aucune inscription n\u2019est possible sur place.\u00a0<\/span><\/p>\t\t\t\t\t\t<\/div>\n\t\t\t\t<\/div>\n\t\t\t\t\t<\/div>\n\t\t<\/div>\n\t\t\t\t<div class=\"elementor-column elementor-col-50 elementor-inner-column elementor-element elementor-element-47e0ffb\" data-id=\"47e0ffb\" data-element_type=\"column\">\n\t\t\t<div class=\"elementor-widget-wrap elementor-element-populated\">\n\t\t\t\t\t\t\t\t<div class=\"elementor-element elementor-element-afc75b5 elementor-widget elementor-widget-heading\" data-id=\"afc75b5\" data-element_type=\"widget\" data-widget_type=\"heading.default\">\n\t\t\t\t<div class=\"elementor-widget-container\">\n\t\t\t<h2 class=\"elementor-heading-title elementor-size-default\">Jusqu\u2019\u00e0 quand puis-je m\u2019inscrire ?<\/h2>\t\t<\/div>\n\t\t\t\t<\/div>\n\t\t\t\t<div class=\"elementor-element elementor-element-f727a82 elementor-widget elementor-widget-text-editor\" data-id=\"f727a82\" data-element_type=\"widget\" data-widget_type=\"text-editor.default\">\n\t\t\t\t<div class=\"elementor-widget-container\">\n\t\t\t\t\t\t\t<p class=\"MsoNormal\"><span style=\"font-family: Roboto; background-image: initial; background-position: initial; background-size: initial; background-repeat: initial; background-attachment: initial; background-origin: initial; background-clip: initial;\">Les inscriptions sont ouvertes jusqu\u2019au 3 octobre 23h59 sur le site internet le-sportif.com <\/span><\/p><p class=\"MsoNormal\"><span style=\"font-family: Roboto; background-image: initial; background-position: initial; background-size: initial; background-repeat: initial; background-attachment: initial; background-origin: initial; background-clip: initial;\">Attention, les places sont limit\u00e9es !<\/span><\/p>\t\t\t\t\t\t<\/div>\n\t\t\t\t<\/div>\n\t\t\t\t\t<\/div>\n\t\t<\/div>\n\t\t\t\t\t\t\t<\/div>\n\t\t<\/section>\n\t\t\t\t\t<\/div>\n\t\t<\/div>\n\t\t\t\t\t\t\t<\/div>\n\t\t<\/section>\n\t\t\t\t<section class=\"elementor-section elementor-top-section elementor-element elementor-element-5be104e elementor-section-boxed elementor-section-height-default elementor-section-height-default\" data-id=\"5be104e\" data-element_type=\"section\">\n\t\t\t\t\t\t<div class=\"elementor-container elementor-column-gap-default\">\n\t\t\t\t\t<div class=\"elementor-column elementor-col-100 elementor-top-column elementor-element elementor-element-5192dd4\" data-id=\"5192dd4\" data-element_type=\"column\">\n\t\t\t<div class=\"elementor-widget-wrap elementor-element-populated\">\n\t\t\t\t\t\t\t\t<section class=\"elementor-section elementor-inner-section elementor-element elementor-element-5fd41d1 elementor-section-boxed elementor-section-height-default elementor-section-height-default\" data-id=\"5fd41d1\" data-element_type=\"section\">\n\t\t\t\t\t\t<div class=\"elementor-container elementor-column-gap-default\">\n\t\t\t\t\t<div class=\"elementor-column elementor-col-50 elementor-inner-column elementor-element elementor-element-8da5caa\" data-id=\"8da5caa\" data-element_type=\"column\">\n\t\t\t<div class=\"elementor-widget-wrap elementor-element-populated\">\n\t\t\t\t\t\t\t\t<div class=\"elementor-element elementor-element-c9333ca elementor-widget elementor-widget-heading\" data-id=\"c9333ca\" data-element_type=\"widget\" data-widget_type=\"heading.default\">\n\t\t\t\t<div class=\"elementor-widget-container\">\n\t\t\t<h2 class=\"elementor-heading-title elementor-size-default\">Le Parcours de Pr\u00e9vention Sant\u00e9 - PPS est-il obligatoire ? <\/h2>\t\t<\/div>\n\t\t\t\t<\/div>\n\t\t\t\t<div class=\"elementor-element elementor-element-e1c6177 elementor-widget elementor-widget-text-editor\" data-id=\"e1c6177\" data-element_type=\"widget\" data-widget_type=\"text-editor.default\">\n\t\t\t\t<div class=\"elementor-widget-container\">\n\t\t\t\t\t\t\t<p class=\"MsoNormal\"><span style=\"font-size: 16px; color: var( --e-global-color-text );\">Le PPS est obligatoire et doit \u00eatre en cours de validit\u00e9 le jour de la course.<\/span><\/p><p class=\"MsoNormal\"><span style=\"font-family: Roboto; background-image: initial; background-position: initial; background-size: initial; background-repeat: initial; background-attachment: initial; background-origin: initial; background-clip: initial;\">Le PPS devra \u00eatre transmis avant la fermeture des inscriptions sur le site\u00a0 \u00a0<\/span><span style=\"font-family: Roboto; font-size: 16px; color: var( --e-global-color-text );\">le-sportif.com<\/span><\/p><p class=\"MsoNormal\"><span style=\"font-family: Roboto; background-image: initial; background-position: initial; background-size: initial; background-repeat: initial; background-attachment: initial; background-origin: initial; background-clip: initial;\">La remise du dossard ne pourra se faire sans PPS.<\/span><\/p><p class=\"MsoNormal\"><span style=\"font-family: Roboto; background-image: initial; background-position: initial; background-size: initial; background-repeat: initial; background-attachment: initial; background-origin: initial; background-clip: initial;\">A noter que le certificat m\u00e9dical de &#8220;non contre-indication&#8221; \u00e0 la pratique de la course \u00e0 pied n&#8217;est plus accept\u00e9.<\/span><\/p>\t\t\t\t\t\t<\/div>\n\t\t\t\t<\/div>\n\t\t\t\t<div class=\"elementor-element elementor-element-77f3e17 elementor-widget elementor-widget-text-editor\" data-id=\"77f3e17\" data-element_type=\"widget\" data-widget_type=\"text-editor.default\">\n\t\t\t\t<div class=\"elementor-widget-container\">\n\t\t\t\t\t\t\t<p><span style=\"font-family: Roboto; font-size: 14px; font-style: normal; font-variant-ligatures: normal; font-variant-caps: normal; font-weight: 400;\">Pour les licenci\u00e9s FFA, seule la licence en cours de<\/span><span style=\"font-family: Roboto; font-size: 14px; font-style: normal; font-variant-ligatures: normal; font-variant-caps: normal;\"> v<\/span><span style=\"font-family: Roboto; font-size: 14px; font-style: normal; font-variant-ligatures: normal; font-variant-caps: normal;\">alidit\u00e9 est obligatoire.<b>\u00a0<\/b><\/span><\/p>\t\t\t\t\t\t<\/div>\n\t\t\t\t<\/div>\n\t\t\t\t\t<\/div>\n\t\t<\/div>\n\t\t\t\t<div class=\"elementor-column elementor-col-50 elementor-inner-column elementor-element elementor-element-b62d7a2\" data-id=\"b62d7a2\" data-element_type=\"column\">\n\t\t\t<div class=\"elementor-widget-wrap elementor-element-populated\">\n\t\t\t\t\t\t\t\t<div class=\"elementor-element elementor-element-2f563e3 elementor-widget elementor-widget-heading\" data-id=\"2f563e3\" data-element_type=\"widget\" data-widget_type=\"heading.default\">\n\t\t\t\t<div class=\"elementor-widget-container\">\n\t\t\t<h2 class=\"elementor-heading-title elementor-size-default\">O\u00f9 et Quand r\u00e9cup\u00e9rer mon dossard ? <\/h2>\t\t<\/div>\n\t\t\t\t<\/div>\n\t\t\t\t<div class=\"elementor-element elementor-element-77a905b elementor-widget elementor-widget-text-editor\" data-id=\"77a905b\" data-element_type=\"widget\" data-widget_type=\"text-editor.default\">\n\t\t\t\t<div class=\"elementor-widget-container\">\n\t\t\t\t\t\t\t<p class=\"MsoNormal\"><span style=\"font-family: Roboto; background-image: initial; background-position: initial; background-size: initial; background-repeat: initial; background-attachment: initial; background-origin: initial; background-clip: initial;\">Tu peux r\u00e9cup\u00e9rer ton dossard\u00a0:<\/span><\/p><ul><li class=\"MsoNormal\"><span style=\"font-family: Roboto; background-image: initial; background-position: initial; background-size: initial; background-repeat: initial; background-attachment: initial; background-origin: initial; background-clip: initial;\">Le samedi 4 octobre de 9h00 \u00e0 12h00 au march\u00e9 de Claye-Souilly, place De Gaulle<\/span><\/li><li class=\"MsoNormal\"><span style=\"font-family: Roboto; background-image: initial; background-position: initial; background-size: initial; background-repeat: initial; background-attachment: initial; background-origin: initial; background-clip: initial;\">Le dimanche 05 octobre \u00e0 partir de 7h00 au Gymnase des Tourelles \u00e0 Claye-Souilly\u00a0<\/span><\/li><\/ul>\t\t\t\t\t\t<\/div>\n\t\t\t\t<\/div>\n\t\t\t\t\t<\/div>\n\t\t<\/div>\n\t\t\t\t\t\t\t<\/div>\n\t\t<\/section>\n\t\t\t\t\t<\/div>\n\t\t<\/div>\n\t\t\t\t\t\t\t<\/div>\n\t\t<\/section>\n\t\t\t\t<section class=\"elementor-section elementor-top-section elementor-element elementor-element-1bd9320 elementor-section-boxed elementor-section-height-default elementor-section-height-default\" data-id=\"1bd9320\" data-element_type=\"section\">\n\t\t\t\t\t\t<div class=\"elementor-container elementor-column-gap-default\">\n\t\t\t\t\t<div class=\"elementor-column elementor-col-100 elementor-top-column elementor-element elementor-element-a364025\" data-id=\"a364025\" data-element_type=\"column\">\n\t\t\t<div class=\"elementor-widget-wrap elementor-element-populated\">\n\t\t\t\t\t\t\t\t<section class=\"elementor-section elementor-inner-section elementor-element elementor-element-827d454 elementor-section-boxed elementor-section-height-default elementor-section-height-default\" data-id=\"827d454\" data-element_type=\"section\">\n\t\t\t\t\t\t<div class=\"elementor-container elementor-column-gap-default\">\n\t\t\t\t\t<div class=\"elementor-column elementor-col-50 elementor-inner-column elementor-element elementor-element-94494d2\" data-id=\"94494d2\" data-element_type=\"column\">\n\t\t\t<div class=\"elementor-widget-wrap elementor-element-populated\">\n\t\t\t\t\t\t\t\t<div class=\"elementor-element elementor-element-17a30d0 elementor-widget elementor-widget-heading\" data-id=\"17a30d0\" data-element_type=\"widget\" data-widget_type=\"heading.default\">\n\t\t\t\t<div class=\"elementor-widget-container\">\n\t\t\t<h2 class=\"elementor-heading-title elementor-size-default\">Y aura-t-il une consigne le jour de la course ? <\/h2>\t\t<\/div>\n\t\t\t\t<\/div>\n\t\t\t\t<div class=\"elementor-element elementor-element-cdc5ebf elementor-widget elementor-widget-text-editor\" data-id=\"cdc5ebf\" data-element_type=\"widget\" data-widget_type=\"text-editor.default\">\n\t\t\t\t<div class=\"elementor-widget-container\">\n\t\t\t\t\t\t\t<p class=\"MsoNormal\"><span style=\"font-family: Roboto; background-image: initial; background-position: initial; background-size: initial; background-repeat: initial; background-attachment: initial; background-origin: initial; background-clip: initial;\">Une consigne est \u00e0 disposition de 7h00 \u00e0 12h00 le jour de la course au gymnase des Tourelles de Claye-Souilly<\/span><\/p>\t\t\t\t\t\t<\/div>\n\t\t\t\t<\/div>\n\t\t\t\t\t<\/div>\n\t\t<\/div>\n\t\t\t\t<div class=\"elementor-column elementor-col-50 elementor-inner-column elementor-element elementor-element-a3276d1\" data-id=\"a3276d1\" data-element_type=\"column\">\n\t\t\t<div class=\"elementor-widget-wrap elementor-element-populated\">\n\t\t\t\t\t\t\t\t<div class=\"elementor-element elementor-element-9fc3a41 elementor-widget elementor-widget-heading\" data-id=\"9fc3a41\" data-element_type=\"widget\" data-widget_type=\"heading.default\">\n\t\t\t\t<div class=\"elementor-widget-container\">\n\t\t\t<h2 class=\"elementor-heading-title elementor-size-default\">Parkings :<\/h2>\t\t<\/div>\n\t\t\t\t<\/div>\n\t\t\t\t<div class=\"elementor-element elementor-element-f7ec7e9 elementor-widget elementor-widget-text-editor\" data-id=\"f7ec7e9\" data-element_type=\"widget\" data-widget_type=\"text-editor.default\">\n\t\t\t\t<div class=\"elementor-widget-container\">\n\t\t\t\t\t\t\t<p class=\"MsoNormal\"><span style=\"font-family: Roboto; background-image: initial; background-position: initial; background-size: initial; background-repeat: initial; background-attachment: initial; background-origin: initial; background-clip: initial;\">3 petits parkings \u00e0 proximit\u00e9 du coll\u00e8ge des Tourelles sont r\u00e9serv\u00e9s aux participants de la course. Toutefois, Les places \u00e9tant limit\u00e9es, nous vous conseillons de favoriser le co-voiturage pour ceux qui sont oblig\u00e9s de venir en voiture.<\/span><\/p>\t\t\t\t\t\t<\/div>\n\t\t\t\t<\/div>\n\t\t\t\t<div class=\"elementor-element elementor-element-8cfe72f elementor-widget elementor-widget-text-editor\" data-id=\"8cfe72f\" data-element_type=\"widget\" data-widget_type=\"text-editor.default\">\n\t\t\t\t<div class=\"elementor-widget-container\">\n\t\t\t\t\t\t\t<p><span style=\"font-family: Roboto; font-size: 14px; font-style: normal; font-variant-ligatures: normal; font-variant-caps: normal; font-weight: 400;\">Pour les Clayois, merci de favoriser le d\u00e9placement \u00e0 pied ou \u00e0 v\u00e9lo si possible.\u00a0<\/span><\/p>\t\t\t\t\t\t<\/div>\n\t\t\t\t<\/div>\n\t\t\t\t\t<\/div>\n\t\t<\/div>\n\t\t\t\t\t\t\t<\/div>\n\t\t<\/section>\n\t\t\t\t\t<\/div>\n\t\t<\/div>\n\t\t\t\t\t\t\t<\/div>\n\t\t<\/section>\n\t\t\t\t\t\t\t<\/div>\n\t\t","protected":false},"excerpt":{"rendered":"<p>O\u00f9 s\u2019inscrire ? L\u2019inscription se fait en ligne sur le site&nbsp;le-sportif.com Aucune inscription n\u2019est possible sur place.\u00a0 Jusqu\u2019\u00e0 quand puis-je m\u2019inscrire ? Les inscriptions sont ouvertes jusqu\u2019au 3 octobre 23h59 sur le site internet le-sportif.com Attention, les places sont limit\u00e9es ! Le Parcours de Pr\u00e9vention Sant\u00e9 &#8211; PPS est-il obligatoire ? Le PPS est obligatoire [&hellip;]<\/p>\n","protected":false},"author":1,"featured_media":0,"parent":0,"menu_order":0,"comment_status":"closed","ping_status":"closed","template":"","meta":{"footnotes":""},"class_list":["post-202","page","type-page","status-publish","hentry","entry"],"yoast_head":"<!-- This site is optimized with the Yoast SEO plugin v20.7 - https:\/\/yoast.com\/wordpress\/plugins\/seo\/ -->\n<title>Infos pratiques - Run in Claye<\/title>\n<meta name=\"robots\" content=\"index, follow, max-snippet:-1, max-image-preview:large, max-video-preview:-1\" \/>\n<link rel=\"canonical\" href=\"http:\/\/runinclaye.fr\/index.php\/infos-pratiques\/\" \/>\n<meta property=\"og:locale\" content=\"en_US\" \/>\n<meta property=\"og:type\" content=\"article\" \/>\n<meta property=\"og:title\" content=\"Infos pratiques - Run in Claye\" \/>\n<meta property=\"og:description\" content=\"O\u00f9 s\u2019inscrire ? L\u2019inscription se fait en ligne sur le site&nbsp;le-sportif.com Aucune inscription n\u2019est possible sur place.\u00a0 Jusqu\u2019\u00e0 quand puis-je m\u2019inscrire ? Les inscriptions sont ouvertes jusqu\u2019au 3 octobre 23h59 sur le site internet le-sportif.com Attention, les places sont limit\u00e9es ! Le Parcours de Pr\u00e9vention Sant\u00e9 &#8211; PPS est-il obligatoire ? Le PPS est obligatoire [&hellip;]\" \/>\n<meta property=\"og:url\" content=\"http:\/\/runinclaye.fr\/index.php\/infos-pratiques\/\" \/>\n<meta property=\"og:site_name\" content=\"Run in Claye\" \/>\n<meta property=\"article:modified_time\" content=\"2025-06-11T16:41:29+00:00\" \/>\n<meta property=\"og:image\" content=\"http:\/\/runinclaye.fr\/wp-content\/uploads\/2023\/08\/images.png\" \/>\n<meta name=\"twitter:card\" content=\"summary_large_image\" \/>\n<meta name=\"twitter:label1\" content=\"Est. reading time\" \/>\n\t<meta name=\"twitter:data1\" content=\"2 minutes\" \/>\n<script type=\"application\/ld+json\" class=\"yoast-schema-graph\">{\"@context\":\"https:\/\/schema.org\",\"@graph\":[{\"@type\":\"WebPage\",\"@id\":\"http:\/\/runinclaye.fr\/index.php\/infos-pratiques\/\",\"url\":\"http:\/\/runinclaye.fr\/index.php\/infos-pratiques\/\",\"name\":\"Infos pratiques - Run in Claye\",\"isPartOf\":{\"@id\":\"http:\/\/runinclaye.fr\/#website\"},\"datePublished\":\"2023-08-05T17:08:54+00:00\",\"dateModified\":\"2025-06-11T16:41:29+00:00\",\"breadcrumb\":{\"@id\":\"http:\/\/runinclaye.fr\/index.php\/infos-pratiques\/#breadcrumb\"},\"inLanguage\":\"en-US\",\"potentialAction\":[{\"@type\":\"ReadAction\",\"target\":[\"http:\/\/runinclaye.fr\/index.php\/infos-pratiques\/\"]}]},{\"@type\":\"BreadcrumbList\",\"@id\":\"http:\/\/runinclaye.fr\/index.php\/infos-pratiques\/#breadcrumb\",\"itemListElement\":[{\"@type\":\"ListItem\",\"position\":1,\"name\":\"Accueil\",\"item\":\"http:\/\/runinclaye.fr\/\"},{\"@type\":\"ListItem\",\"position\":2,\"name\":\"Infos pratiques\"}]},{\"@type\":\"WebSite\",\"@id\":\"http:\/\/runinclaye.fr\/#website\",\"url\":\"http:\/\/runinclaye.fr\/\",\"name\":\"Run in Claye\",\"description\":\"\",\"publisher\":{\"@id\":\"http:\/\/runinclaye.fr\/#organization\"},\"potentialAction\":[{\"@type\":\"SearchAction\",\"target\":{\"@type\":\"EntryPoint\",\"urlTemplate\":\"http:\/\/runinclaye.fr\/?s={search_term_string}\"},\"query-input\":\"required name=search_term_string\"}],\"inLanguage\":\"en-US\"},{\"@type\":\"Organization\",\"@id\":\"http:\/\/runinclaye.fr\/#organization\",\"name\":\"Run in Claye\",\"url\":\"http:\/\/runinclaye.fr\/\",\"logo\":{\"@type\":\"ImageObject\",\"inLanguage\":\"en-US\",\"@id\":\"http:\/\/runinclaye.fr\/#\/schema\/logo\/image\/\",\"url\":\"http:\/\/runinclaye.fr\/wp-content\/uploads\/2023\/05\/IMG_1777.png\",\"contentUrl\":\"http:\/\/runinclaye.fr\/wp-content\/uploads\/2023\/05\/IMG_1777.png\",\"width\":464,\"height\":290,\"caption\":\"Run in Claye\"},\"image\":{\"@id\":\"http:\/\/runinclaye.fr\/#\/schema\/logo\/image\/\"}}]}<\/script>\n<!-- \/ Yoast SEO plugin. -->","yoast_head_json":{"title":"Infos pratiques - Run in Claye","robots":{"index":"index","follow":"follow","max-snippet":"max-snippet:-1","max-image-preview":"max-image-preview:large","max-video-preview":"max-video-preview:-1"},"canonical":"http:\/\/runinclaye.fr\/index.php\/infos-pratiques\/","og_locale":"en_US","og_type":"article","og_title":"Infos pratiques - Run in Claye","og_description":"O\u00f9 s\u2019inscrire ? L\u2019inscription se fait en ligne sur le site&nbsp;le-sportif.com Aucune inscription n\u2019est possible sur place.\u00a0 Jusqu\u2019\u00e0 quand puis-je m\u2019inscrire ? Les inscriptions sont ouvertes jusqu\u2019au 3 octobre 23h59 sur le site internet le-sportif.com Attention, les places sont limit\u00e9es ! Le Parcours de Pr\u00e9vention Sant\u00e9 &#8211; PPS est-il obligatoire ? Le PPS est obligatoire [&hellip;]","og_url":"http:\/\/runinclaye.fr\/index.php\/infos-pratiques\/","og_site_name":"Run in Claye","article_modified_time":"2025-06-11T16:41:29+00:00","og_image":[{"url":"http:\/\/runinclaye.fr\/wp-content\/uploads\/2023\/08\/images.png"}],"twitter_card":"summary_large_image","twitter_misc":{"Est. reading time":"2 minutes"},"schema":{"@context":"https:\/\/schema.org","@graph":[{"@type":"WebPage","@id":"http:\/\/runinclaye.fr\/index.php\/infos-pratiques\/","url":"http:\/\/runinclaye.fr\/index.php\/infos-pratiques\/","name":"Infos pratiques - Run in Claye","isPartOf":{"@id":"http:\/\/runinclaye.fr\/#website"},"datePublished":"2023-08-05T17:08:54+00:00","dateModified":"2025-06-11T16:41:29+00:00","breadcrumb":{"@id":"http:\/\/runinclaye.fr\/index.php\/infos-pratiques\/#breadcrumb"},"inLanguage":"en-US","potentialAction":[{"@type":"ReadAction","target":["http:\/\/runinclaye.fr\/index.php\/infos-pratiques\/"]}]},{"@type":"BreadcrumbList","@id":"http:\/\/runinclaye.fr\/index.php\/infos-pratiques\/#breadcrumb","itemListElement":[{"@type":"ListItem","position":1,"name":"Accueil","item":"http:\/\/runinclaye.fr\/"},{"@type":"ListItem","position":2,"name":"Infos pratiques"}]},{"@type":"WebSite","@id":"http:\/\/runinclaye.fr\/#website","url":"http:\/\/runinclaye.fr\/","name":"Run in Claye","description":"","publisher":{"@id":"http:\/\/runinclaye.fr\/#organization"},"potentialAction":[{"@type":"SearchAction","target":{"@type":"EntryPoint","urlTemplate":"http:\/\/runinclaye.fr\/?s={search_term_string}"},"query-input":"required name=search_term_string"}],"inLanguage":"en-US"},{"@type":"Organization","@id":"http:\/\/runinclaye.fr\/#organization","name":"Run in Claye","url":"http:\/\/runinclaye.fr\/","logo":{"@type":"ImageObject","inLanguage":"en-US","@id":"http:\/\/runinclaye.fr\/#\/schema\/logo\/image\/","url":"http:\/\/runinclaye.fr\/wp-content\/uploads\/2023\/05\/IMG_1777.png","contentUrl":"http:\/\/runinclaye.fr\/wp-content\/uploads\/2023\/05\/IMG_1777.png","width":464,"height":290,"caption":"Run in Claye"},"image":{"@id":"http:\/\/runinclaye.fr\/#\/schema\/logo\/image\/"}}]}},"_links":{"self":[{"href":"http:\/\/runinclaye.fr\/index.php\/wp-json\/wp\/v2\/pages\/202","targetHints":{"allow":["GET"]}}],"collection":[{"href":"http:\/\/runinclaye.fr\/index.php\/wp-json\/wp\/v2\/pages"}],"about":[{"href":"http:\/\/runinclaye.fr\/index.php\/wp-json\/wp\/v2\/types\/page"}],"author":[{"embeddable":true,"href":"http:\/\/runinclaye.fr\/index.php\/wp-json\/wp\/v2\/users\/1"}],"replies":[{"embeddable":true,"href":"http:\/\/runinclaye.fr\/index.php\/wp-json\/wp\/v2\/comments?post=202"}],"version-history":[{"count":53,"href":"http:\/\/runinclaye.fr\/index.php\/wp-json\/wp\/v2\/pages\/202\/revisions"}],"predecessor-version":[{"id":366,"href":"http:\/\/runinclaye.fr\/index.php\/wp-json\/wp\/v2\/pages\/202\/revisions\/366"}],"wp:attachment":[{"href":"http:\/\/runinclaye.fr\/index.php\/wp-json\/wp\/v2\/media?parent=202"}],"curies":[{"name":"wp","href":"https:\/\/api.w.org\/{rel}","templated":true}]}}